{"id":2289,"date":"2023-01-19T18:45:20","date_gmt":"2023-01-19T18:45:20","guid":{"rendered":"https:\/\/www.pascalbizet.com\/mon-voyage-de-reveil-kundalinien\/"},"modified":"2025-03-27T16:22:07","modified_gmt":"2025-03-27T16:22:07","slug":"chemin-eveil-spirituel","status":"publish","type":"page","link":"https:\/\/www.awakeningthepresence.com\/fr\/chemin-eveil-spirituel\/","title":{"rendered":"Mon Chemin d&rsquo;\u00c9veil Spirituel"},"content":{"rendered":"\t\t<div data-elementor-type=\"wp-page\" data-elementor-id=\"2289\" class=\"elementor elementor-2289 elementor-188\" data-elementor-post-type=\"page\">\n\t\t\t\t\t\t<section class=\"elementor-section elementor-top-section elementor-element elementor-element-2667da2 elementor-section-height-min-height elementor-section-boxed elementor-section-height-default elementor-section-items-middle wpr-particle-no wpr-jarallax-no wpr-parallax-no wpr-sticky-section-no wpr-equal-height-no\" data-id=\"2667da2\" data-element_type=\"section\" data-e-type=\"section\" data-settings=\"{&quot;background_background&quot;:&quot;classic&quot;}\">\n\t\t\t\t\t\t<div class=\"elementor-container elementor-column-gap-default\">\n\t\t\t\t\t<div class=\"elementor-column elementor-col-100 elementor-top-column elementor-element elementor-element-9d4d1ab\" data-id=\"9d4d1ab\" data-element_type=\"column\" data-e-type=\"column\">\n\t\t\t<div class=\"elementor-widget-wrap\">\n\t\t\t\t\t\t\t<\/div>\n\t\t<\/div>\n\t\t\t\t\t<\/div>\n\t\t<\/section>\n\t\t\t\t<section class=\"elementor-section elementor-top-section elementor-element elementor-element-4151e98 elementor-section-boxed elementor-section-height-default elementor-section-height-default wpr-particle-no wpr-jarallax-no wpr-parallax-no wpr-sticky-section-no wpr-equal-height-no\" data-id=\"4151e98\" data-element_type=\"section\" data-e-type=\"section\">\n\t\t\t\t\t\t<div class=\"elementor-container elementor-column-gap-default\">\n\t\t\t\t\t<div class=\"elementor-column elementor-col-100 elementor-top-column elementor-element elementor-element-849039b\" data-id=\"849039b\" data-element_type=\"column\" data-e-type=\"column\">\n\t\t\t<div class=\"elementor-widget-wrap elementor-element-populated\">\n\t\t\t\t\t\t<div class=\"elementor-element elementor-element-e373444 elementor-widget elementor-widget-heading\" data-id=\"e373444\" data-element_type=\"widget\" data-e-type=\"widget\" data-widget_type=\"heading.default\">\n\t\t\t\t<div class=\"elementor-widget-container\">\n\t\t\t\t\t<h1 class=\"elementor-heading-title elementor-size-default\">Mon Chemin d\u2019\u00c9veil Spirituel<\/h1>\t\t\t\t<\/div>\n\t\t\t\t<\/div>\n\t\t\t\t<section class=\"elementor-section elementor-inner-section elementor-element elementor-element-767d302 elementor-section-boxed elementor-section-height-default elementor-section-height-default wpr-particle-no wpr-jarallax-no wpr-parallax-no wpr-sticky-section-no wpr-equal-height-no\" data-id=\"767d302\" data-element_type=\"section\" data-e-type=\"section\">\n\t\t\t\t\t\t<div class=\"elementor-container elementor-column-gap-no\">\n\t\t\t\t\t<div class=\"elementor-column elementor-col-100 elementor-inner-column elementor-element elementor-element-26abad6\" data-id=\"26abad6\" data-element_type=\"column\" data-e-type=\"column\">\n\t\t\t<div class=\"elementor-widget-wrap elementor-element-populated\">\n\t\t\t\t\t\t<div class=\"elementor-element elementor-element-0393a4a elementor-widget elementor-widget-heading\" data-id=\"0393a4a\" data-element_type=\"widget\" data-e-type=\"widget\" data-widget_type=\"heading.default\">\n\t\t\t\t<div class=\"elementor-widget-container\">\n\t\t\t\t\t<h2 class=\"elementor-heading-title elementor-size-default\">Un \u00e9veil spontan\u00e9 de Kundalini<\/h2>\t\t\t\t<\/div>\n\t\t\t\t<\/div>\n\t\t\t\t<div class=\"elementor-element elementor-element-6d033a9 elementor-widget elementor-widget-text-editor\" data-id=\"6d033a9\" data-element_type=\"widget\" data-e-type=\"widget\" data-widget_type=\"text-editor.default\">\n\t\t\t\t<div class=\"elementor-widget-container\">\n\t\t\t\t\t\t\t\t\t<p>Le 21 d\u00e9cembre 2012, le jour annonc\u00e9 de la fin du monde, alors que j\u2019attendais le tramway, je fus soudain submerg\u00e9 par un puissant choc \u00e9motionnel. L\u2019instant d\u2019apr\u00e8s, je ressentis une violente explosion int\u00e9rieure, comme une d\u00e9charge \u00e9lectrique qui me parcouru en un \u00e9clair des pieds \u00e0 la t\u00eate, me laissant dans un \u00e9tat de sid\u00e9ration, avec la sensation d\u2019avoir \u00e9t\u00e9 bris\u00e9 en mille morceaux.<\/p>\t\t\t\t\t\t\t\t<\/div>\n\t\t\t\t<\/div>\n\t\t\t\t\t<\/div>\n\t\t<\/div>\n\t\t\t\t\t<\/div>\n\t\t<\/section>\n\t\t\t\t<section class=\"elementor-section elementor-inner-section elementor-element elementor-element-ed5a441 elementor-section-boxed elementor-section-height-default elementor-section-height-default wpr-particle-no wpr-jarallax-no wpr-parallax-no wpr-sticky-section-no wpr-equal-height-no\" data-id=\"ed5a441\" data-element_type=\"section\" data-e-type=\"section\">\n\t\t\t\t\t\t<div class=\"elementor-container elementor-column-gap-no\">\n\t\t\t\t\t<div class=\"elementor-column elementor-col-100 elementor-inner-column elementor-element elementor-element-f5d0b06\" data-id=\"f5d0b06\" data-element_type=\"column\" data-e-type=\"column\">\n\t\t\t<div class=\"elementor-widget-wrap elementor-element-populated\">\n\t\t\t\t\t\t<div class=\"elementor-element elementor-element-dfc4298 elementor-widget elementor-widget-heading\" data-id=\"dfc4298\" data-element_type=\"widget\" data-e-type=\"widget\" data-widget_type=\"heading.default\">\n\t\t\t\t<div class=\"elementor-widget-container\">\n\t\t\t\t\t<h2 class=\"elementor-heading-title elementor-size-default\">Un long parcours de gu\u00e9rison<\/h2>\t\t\t\t<\/div>\n\t\t\t\t<\/div>\n\t\t\t\t<div class=\"elementor-element elementor-element-0999384 elementor-widget elementor-widget-text-editor\" data-id=\"0999384\" data-element_type=\"widget\" data-e-type=\"widget\" data-widget_type=\"text-editor.default\">\n\t\t\t\t<div class=\"elementor-widget-container\">\n\t\t\t\t\t\t\t\t\t<p>Affect\u00e9 par une hypersensibilit\u00e9 \u00e9nerg\u00e9tique envahissante, et enferm\u00e9 chez mes parents pendant plusieurs mois, j\u2019essayais de comprendre ce qui m\u2019\u00e9tais arriv\u00e9 et j\u2019ai alors commenc\u00e9 \u00e0 aller voir des th\u00e9rapeutes. Une nuit, alors que je participais \u00e0 un atelier de clairvoyance, j\u2019ai eu un r\u00eave \u00e9motionnel tr\u00e8s intense, o\u00f9 un traumatisme profond de la petite enfance est remont\u00e9 \u00e0 la surface. J\u2019ai alors commenc\u00e9 \u00e0 me souvenir de tous mes r\u00eaves, me r\u00e9veillant jusqu\u2019\u00e0 6 fois par nuit \u00e0 cause de l\u2019activit\u00e9 \u00e9nerg\u00e9tique, ce qui initia un long processus de gu\u00e9rison du subconscient.<\/p>\t\t\t\t\t\t\t\t<\/div>\n\t\t\t\t<\/div>\n\t\t\t\t\t<\/div>\n\t\t<\/div>\n\t\t\t\t\t<\/div>\n\t\t<\/section>\n\t\t\t\t<section class=\"elementor-section elementor-inner-section elementor-element elementor-element-c4163d9 elementor-section-boxed elementor-section-height-default elementor-section-height-default wpr-particle-no wpr-jarallax-no wpr-parallax-no wpr-sticky-section-no wpr-equal-height-no\" data-id=\"c4163d9\" data-element_type=\"section\" data-e-type=\"section\">\n\t\t\t\t\t\t<div class=\"elementor-container elementor-column-gap-no\">\n\t\t\t\t\t<div class=\"elementor-column elementor-col-100 elementor-inner-column elementor-element elementor-element-3c6b7ff\" data-id=\"3c6b7ff\" data-element_type=\"column\" data-e-type=\"column\">\n\t\t\t<div class=\"elementor-widget-wrap elementor-element-populated\">\n\t\t\t\t\t\t<div class=\"elementor-element elementor-element-c228267 elementor-widget elementor-widget-heading\" data-id=\"c228267\" data-element_type=\"widget\" data-e-type=\"widget\" data-widget_type=\"heading.default\">\n\t\t\t\t<div class=\"elementor-widget-container\">\n\t\t\t\t\t<h2 class=\"elementor-heading-title elementor-size-default\">Premi\u00e8re exp\u00e9rience mystique<\/h2>\t\t\t\t<\/div>\n\t\t\t\t<\/div>\n\t\t\t\t<div class=\"elementor-element elementor-element-93547ed elementor-widget elementor-widget-text-editor\" data-id=\"93547ed\" data-element_type=\"widget\" data-e-type=\"widget\" data-widget_type=\"text-editor.default\">\n\t\t\t\t<div class=\"elementor-widget-container\">\n\t\t\t\t\t\t\t\t\t<p>Je me suis ensuite tourn\u00e9 avers l\u2019\u00e9tude des \u00c9vangiles, de la mystique chr\u00e9tienne et de l\u2019Advaita Vedanta, la philosophie non-duelle d\u2019Inde, ainsi que vers la m\u00e9ditation avec la pratique de la pr\u00e9sence de Dieu. Plus tard, au cours d\u2019une m\u00e9ditation active du c\u0153ur, j\u2019ai eu une exp\u00e9rience intense d\u2019unit\u00e9 avec toutes choses, comme si j\u2019\u00e9tais dans une fusion d\u2019amour totale avec tous les objets qui se trouvaient dans le champs de ma conscience, me donnant, m\u00eame si je l\u2019ignorais alors, un avant-go\u00fbt de Dieu et m\u2019encourageant \u00e0 poursuivre mes efforts dans cette direction.<\/p>\t\t\t\t\t\t\t\t<\/div>\n\t\t\t\t<\/div>\n\t\t\t\t\t<\/div>\n\t\t<\/div>\n\t\t\t\t\t<\/div>\n\t\t<\/section>\n\t\t\t\t<section class=\"elementor-section elementor-inner-section elementor-element elementor-element-fffcf7c elementor-section-boxed elementor-section-height-default elementor-section-height-default wpr-particle-no wpr-jarallax-no wpr-parallax-no wpr-sticky-section-no wpr-equal-height-no\" data-id=\"fffcf7c\" data-element_type=\"section\" data-e-type=\"section\">\n\t\t\t\t\t\t<div class=\"elementor-container elementor-column-gap-no\">\n\t\t\t\t\t<div class=\"elementor-column elementor-col-100 elementor-inner-column elementor-element elementor-element-b6887d3\" data-id=\"b6887d3\" data-element_type=\"column\" data-e-type=\"column\">\n\t\t\t<div class=\"elementor-widget-wrap elementor-element-populated\">\n\t\t\t\t\t\t<div class=\"elementor-element elementor-element-3886bce elementor-widget elementor-widget-heading\" data-id=\"3886bce\" data-element_type=\"widget\" data-e-type=\"widget\" data-widget_type=\"heading.default\">\n\t\t\t\t<div class=\"elementor-widget-container\">\n\t\t\t\t\t<h2 class=\"elementor-heading-title elementor-size-default\">Initiation et transmission<\/h2>\t\t\t\t<\/div>\n\t\t\t\t<\/div>\n\t\t\t\t<div class=\"elementor-element elementor-element-7858c5e elementor-widget elementor-widget-text-editor\" data-id=\"7858c5e\" data-element_type=\"widget\" data-e-type=\"widget\" data-widget_type=\"text-editor.default\">\n\t\t\t\t<div class=\"elementor-widget-container\">\n\t\t\t\t\t\t\t\t\t<p>Alors que j\u2019\u00e9tais arriv\u00e9 \u00e0 un stade o\u00f9 je n&rsquo;avan\u00e7ais plus, je me suis mis en t\u00eate de chercher conseil aupr\u00e8s de ma\u00eetres. En 2019, j\u2019ai re\u00e7u diff\u00e9rentes initiations lors d\u2019intensifs shaktipat avec Jan Esmann, puis j\u2019ai continu\u00e9 pendant 2 ans \u00e0 recevoir des transmissions r\u00e9guli\u00e8res avec d\u2019autres ma\u00eetres, tout en n\u2019arr\u00eatant jamais de consulter de nombreux th\u00e9rapeutes \u00e9nerg\u00e9ticiens. Cela, combin\u00e9 \u00e0 ma propre pratique de d\u00e9votion, m&rsquo;a finalement aid\u00e9 \u00e0 stabiliser mon \u00e9tat mental et \u00e9motionnel et \u00e0 int\u00e9grer des \u00e9tats de conscience toujours plus \u00e9lev\u00e9s.<\/p>\t\t\t\t\t\t\t\t<\/div>\n\t\t\t\t<\/div>\n\t\t\t\t\t<\/div>\n\t\t<\/div>\n\t\t\t\t\t<\/div>\n\t\t<\/section>\n\t\t\t\t<section class=\"elementor-section elementor-inner-section elementor-element elementor-element-a10f3ef elementor-section-boxed elementor-section-height-default elementor-section-height-default wpr-particle-no wpr-jarallax-no wpr-parallax-no wpr-sticky-section-no wpr-equal-height-no\" data-id=\"a10f3ef\" data-element_type=\"section\" data-e-type=\"section\">\n\t\t\t\t\t\t<div class=\"elementor-container elementor-column-gap-no\">\n\t\t\t\t\t<div class=\"elementor-column elementor-col-100 elementor-inner-column elementor-element elementor-element-5e6b17c\" data-id=\"5e6b17c\" data-element_type=\"column\" data-e-type=\"column\">\n\t\t\t<div class=\"elementor-widget-wrap elementor-element-populated\">\n\t\t\t\t\t\t<div class=\"elementor-element elementor-element-1ecdbbc elementor-widget elementor-widget-heading\" data-id=\"1ecdbbc\" data-element_type=\"widget\" data-e-type=\"widget\" data-widget_type=\"heading.default\">\n\t\t\t\t<div class=\"elementor-widget-container\">\n\t\t\t\t\t<h2 class=\"elementor-heading-title elementor-size-default\">L'exp\u00e9rience directe de Dieu<\/h2>\t\t\t\t<\/div>\n\t\t\t\t<\/div>\n\t\t\t\t<div class=\"elementor-element elementor-element-8eed659 elementor-widget elementor-widget-text-editor\" data-id=\"8eed659\" data-element_type=\"widget\" data-e-type=\"widget\" data-widget_type=\"text-editor.default\">\n\t\t\t\t<div class=\"elementor-widget-container\">\n\t\t\t\t\t\t\t\t\t<p>En janvier 2022, apr\u00e8s m\u2019\u00eatre r\u00e9veill\u00e9 un matin, alors que je m\u2019\u00e9tais redress\u00e9 dans mon lit, le temps s\u2019est soudainement fig\u00e9, et le monde, le corps et la personne \u00ab pascal \u00bb disparurent totalement. En revenant dans ce monde, je r\u00e9alisai que la totalit\u00e9 de cette exp\u00e9rience humaine n\u2019avait jamais \u00e9t\u00e9 autre chose que \u00ab moi-m\u00eame \u00bb faisant l\u2019exp\u00e9rience de \u00ab moi-m\u00eame \u00bb en \u00ab moi-m\u00eame \u00bb. Apr\u00e8s plusieurs ann\u00e9es consacr\u00e9es \u00e0 r\u00e9int\u00e9grer consciemment cette exp\u00e9rience directe, afin de me stabiliser dans ma v\u00e9ritable nature, ma volont\u00e9 est aujourd\u2019hui d\u2019aider les autres dans leur propre \u00e9veil spirituel, en mettant \u00e0 profit toutes les diff\u00e9rentes pratiques de m\u00e9ditation et de d\u00e9votion, que j\u2019ai pu d\u00e9velopper au cours des ces 10 derni\u00e8res ann\u00e9es, et qui je l\u2019esp\u00e8re seront tout autant b\u00e9n\u00e9fiques pour vous, qu\u2019elles l\u2019ont \u00e9t\u00e9 pour moi.<\/p>\t\t\t\t\t\t\t\t<\/div>\n\t\t\t\t<\/div>\n\t\t\t\t\t<\/div>\n\t\t<\/div>\n\t\t\t\t\t<\/div>\n\t\t<\/section>\n\t\t\t\t\t<\/div>\n\t\t<\/div>\n\t\t\t\t\t<\/div>\n\t\t<\/section>\n\t\t\t\t<\/div>\n\t\t","protected":false},"excerpt":{"rendered":"<p>Mon Chemin d\u2019\u00c9veil Spirituel Un \u00e9veil spontan\u00e9 de Kundalini Le 21 d\u00e9cembre 2012, le jour annonc\u00e9 de la fin du monde, alors que j\u2019attendais le tramway, je fus soudain submerg\u00e9 par un puissant choc \u00e9motionnel. L\u2019instant d\u2019apr\u00e8s, je ressentis une violente explosion int\u00e9rieure, comme une d\u00e9charge \u00e9lectrique qui me parcouru en un \u00e9clair des pieds \u00e0 la t\u00eate, me laissant dans un \u00e9tat de sid\u00e9ration, avec la sensation d\u2019avoir \u00e9t\u00e9 bris\u00e9 en mille morceaux. Un long parcours de gu\u00e9rison Affect\u00e9 par une hypersensibilit\u00e9 \u00e9nerg\u00e9tique envahissante, et enferm\u00e9 chez mes parents pendant plusieurs mois, j\u2019essayais de comprendre ce qui m\u2019\u00e9tais arriv\u00e9 et j\u2019ai alors commenc\u00e9 \u00e0 aller voir des th\u00e9rapeutes. Une nuit, alors que je participais \u00e0 un atelier de clairvoyance, j\u2019ai eu un r\u00eave \u00e9motionnel tr\u00e8s intense, o\u00f9 un traumatisme profond de la petite enfance est remont\u00e9 \u00e0 la surface. J\u2019ai alors commenc\u00e9 \u00e0 me souvenir de tous mes r\u00eaves, me r\u00e9veillant jusqu\u2019\u00e0 6 fois par nuit \u00e0 cause de l\u2019activit\u00e9 \u00e9nerg\u00e9tique, ce qui initia un long processus de gu\u00e9rison du subconscient. Premi\u00e8re exp\u00e9rience mystique Je me suis ensuite tourn\u00e9 avers l\u2019\u00e9tude des \u00c9vangiles, de la mystique chr\u00e9tienne et de l\u2019Advaita Vedanta, la philosophie non-duelle d\u2019Inde, ainsi que vers la m\u00e9ditation avec la pratique de la pr\u00e9sence de Dieu. Plus tard, au cours d\u2019une m\u00e9ditation active du c\u0153ur, j\u2019ai eu une exp\u00e9rience intense d\u2019unit\u00e9 avec toutes choses, comme si j\u2019\u00e9tais dans une fusion d\u2019amour totale avec tous les objets qui se trouvaient dans le champs de ma conscience, me donnant, m\u00eame si je l\u2019ignorais alors, un avant-go\u00fbt de Dieu et m\u2019encourageant \u00e0 poursuivre mes efforts dans cette direction. Initiation et transmission Alors que j\u2019\u00e9tais arriv\u00e9 \u00e0 un stade o\u00f9 je n&rsquo;avan\u00e7ais plus, je me suis mis en t\u00eate de chercher conseil aupr\u00e8s de ma\u00eetres. En 2019, j\u2019ai re\u00e7u diff\u00e9rentes initiations lors d\u2019intensifs shaktipat avec Jan Esmann, puis j\u2019ai continu\u00e9 pendant 2 ans \u00e0 recevoir des transmissions r\u00e9guli\u00e8res avec d\u2019autres ma\u00eetres, tout en n\u2019arr\u00eatant jamais de consulter de nombreux th\u00e9rapeutes \u00e9nerg\u00e9ticiens. Cela, combin\u00e9 \u00e0 ma propre pratique de d\u00e9votion, m&rsquo;a finalement aid\u00e9 \u00e0 stabiliser mon \u00e9tat mental et \u00e9motionnel et \u00e0 int\u00e9grer des \u00e9tats de conscience toujours plus \u00e9lev\u00e9s. L&rsquo;exp\u00e9rience directe de Dieu En janvier 2022, apr\u00e8s m\u2019\u00eatre r\u00e9veill\u00e9 un matin, alors que je m\u2019\u00e9tais redress\u00e9 dans mon lit, le temps s\u2019est soudainement fig\u00e9, et le monde, le corps et la personne \u00ab pascal \u00bb disparurent totalement. En revenant dans ce monde, je r\u00e9alisai que la totalit\u00e9 de cette exp\u00e9rience humaine n\u2019avait jamais \u00e9t\u00e9 autre chose que \u00ab moi-m\u00eame \u00bb faisant l\u2019exp\u00e9rience de \u00ab moi-m\u00eame \u00bb en \u00ab moi-m\u00eame \u00bb. Apr\u00e8s plusieurs ann\u00e9es consacr\u00e9es \u00e0 r\u00e9int\u00e9grer consciemment cette exp\u00e9rience directe, afin de me stabiliser dans ma v\u00e9ritable nature, ma volont\u00e9 est aujourd\u2019hui d\u2019aider les autres dans leur propre \u00e9veil spirituel, en mettant \u00e0 profit toutes les diff\u00e9rentes pratiques de m\u00e9ditation et de d\u00e9votion, que j\u2019ai pu d\u00e9velopper au cours des ces 10 derni\u00e8res ann\u00e9es, et qui je l\u2019esp\u00e8re seront tout autant b\u00e9n\u00e9fiques pour vous, qu\u2019elles l\u2019ont \u00e9t\u00e9 pour moi.<\/p>\n","protected":false},"author":1,"featured_media":2129,"parent":0,"menu_order":0,"comment_status":"closed","ping_status":"closed","template":"","meta":{"site-sidebar-layout":"no-sidebar","site-content-layout":"page-builder","ast-site-content-layout":"default","site-content-style":"default","site-sidebar-style":"default","ast-global-header-display":"","ast-banner-title-visibility":"","ast-main-header-display":"","ast-hfb-above-header-display":"","ast-hfb-below-header-display":"","ast-hfb-mobile-header-display":"","site-post-title":"disabled","ast-breadcrumbs-content":"","ast-featured-img":"disabled","footer-sml-layout":"","ast-disable-related-posts":"","theme-transparent-header-meta":"","adv-header-id-meta":"","stick-header-meta":"","header-above-stick-meta":"","header-main-stick-meta":"","header-below-stick-meta":"","astra-migrate-meta-layouts":"default","ast-page-background-enabled":"default","ast-page-background-meta":{"desktop":{"background-color":"var(--ast-global-color-4)","background-image":"","background-repeat":"repeat","background-position":"center center","background-size":"auto","background-attachment":"scroll","background-type":"","background-media":"","overlay-type":"","overlay-color":"","overlay-opacity":"","overlay-gradient":""},"tablet":{"background-color":"","background-image":"","background-repeat":"repeat","background-position":"center center","background-size":"auto","background-attachment":"scroll","background-type":"","background-media":"","overlay-type":"","overlay-color":"","overlay-opacity":"","overlay-gradient":""},"mobile":{"background-color":"","background-image":"","background-repeat":"repeat","background-position":"center center","background-size":"auto","background-attachment":"scroll","background-type":"","background-media":"","overlay-type":"","overlay-color":"","overlay-opacity":"","overlay-gradient":""}},"ast-content-background-meta":{"desktop":{"background-color":"var(--ast-global-color-5)","background-image":"","background-repeat":"repeat","background-position":"center center","background-size":"auto","background-attachment":"scroll","background-type":"","background-media":"","overlay-type":"","overlay-color":"","overlay-opacity":"","overlay-gradient":""},"tablet":{"background-color":"var(--ast-global-color-5)","background-image":"","background-repeat":"repeat","background-position":"center center","background-size":"auto","background-attachment":"scroll","background-type":"","background-media":"","overlay-type":"","overlay-color":"","overlay-opacity":"","overlay-gradient":""},"mobile":{"background-color":"var(--ast-global-color-5)","background-image":"","background-repeat":"repeat","background-position":"center center","background-size":"auto","background-attachment":"scroll","background-type":"","background-media":"","overlay-type":"","overlay-color":"","overlay-opacity":"","overlay-gradient":""}},"footnotes":""},"class_list":["post-2289","page","type-page","status-publish","has-post-thumbnail","hentry"],"_links":{"self":[{"href":"https:\/\/www.awakeningthepresence.com\/fr\/wp-json\/wp\/v2\/pages\/2289","targetHints":{"allow":["GET"]}}],"collection":[{"href":"https:\/\/www.awakeningthepresence.com\/fr\/wp-json\/wp\/v2\/pages"}],"about":[{"href":"https:\/\/www.awakeningthepresence.com\/fr\/wp-json\/wp\/v2\/types\/page"}],"author":[{"embeddable":true,"href":"https:\/\/www.awakeningthepresence.com\/fr\/wp-json\/wp\/v2\/users\/1"}],"replies":[{"embeddable":true,"href":"https:\/\/www.awakeningthepresence.com\/fr\/wp-json\/wp\/v2\/comments?post=2289"}],"version-history":[{"count":104,"href":"https:\/\/www.awakeningthepresence.com\/fr\/wp-json\/wp\/v2\/pages\/2289\/revisions"}],"predecessor-version":[{"id":42392,"href":"https:\/\/www.awakeningthepresence.com\/fr\/wp-json\/wp\/v2\/pages\/2289\/revisions\/42392"}],"wp:featuredmedia":[{"embeddable":true,"href":"https:\/\/www.awakeningthepresence.com\/fr\/wp-json\/wp\/v2\/media\/2129"}],"wp:attachment":[{"href":"https:\/\/www.awakeningthepresence.com\/fr\/wp-json\/wp\/v2\/media?parent=2289"}],"curies":[{"name":"wp","href":"https:\/\/api.w.org\/{rel}","templated":true}]}}